{"id":1071,"date":"2025-05-08T22:08:33","date_gmt":"2025-05-08T22:08:33","guid":{"rendered":"https:\/\/adhesion.ca\/nous-joindre\/"},"modified":"2026-01-16T14:45:17","modified_gmt":"2026-01-16T14:45:17","slug":"contact-us","status":"publish","type":"page","link":"https:\/\/adhesion.ca\/en\/contact-us\/","title":{"rendered":"Contact us"},"content":{"rendered":"\n<section class=\"wp-block-group alignfull new_banner has-background is-layout-constrained wp-block-group-is-layout-constrained\" style=\"background:linear-gradient(135deg,rgb(24,75,105) 0%,rgb(7,38,52) 100%)\"><a class=\"button_arrow align wp-block-acf-button-arrow\" href=\"#next\"\n    target=\"_self\" class=\"align wp-block-acf-button-arrow\">\n    <svg xmlns=\"http:\/\/www.w3.org\/2000\/svg\" xmlns:xlink=\"http:\/\/www.w3.org\/1999\/xlink\" width=\"94.266\" height=\"94.266\"\n        viewBox=\"0 0 94.266 94.266\">\n        <defs>\n            <linearGradient id=\"linear-gradient\" x1=\"0.5\" x2=\"0.5\" y2=\"1\" gradientUnits=\"objectBoundingBox\">\n                <stop offset=\"0\" stop-color=\"#f7bcc8\" \/>\n                <stop offset=\"1\" stop-color=\"#e08390\" \/>\n            <\/linearGradient>\n        <\/defs>\n        <g id=\"Groupe_291\" data-name=\"Groupe 291\" transform=\"translate(-375.734 -2071.568)\">\n            <g id=\"Groupe_261\" data-name=\"Groupe 261\" transform=\"translate(-29 -79.783)\">\n                <circle id=\"Ellipse_262\" data-name=\"Ellipse 262\" cx=\"47.133\" cy=\"47.133\" r=\"47.133\"\n                    transform=\"translate(404.734 2151.352)\" fill=\"url(#linear-gradient)\" \/>\n                <path id=\"Trac\u00e9_2357\" data-name=\"Trac\u00e9 2357\"\n                    d=\"M13.5,0,11.045,2.455l9.292,9.292H0v3.506H20.338l-9.292,9.292L13.5,27,27,13.5Z\"\n                    transform=\"translate(465.367 2184.984) rotate(90)\" fill=\"#fff\" \/>\n            <\/g>\n        <\/g>\n    <\/svg>\n\n    \n<\/a>\n\n\n\n<figure class=\"wp-block-image size-full is-resized img_deco\"><img loading=\"lazy\" decoding=\"async\" width=\"929\" height=\"727\" src=\"https:\/\/adhesion.ca\/wp-content\/uploads\/2025\/05\/blue_deco.png\" alt=\"\" class=\"wp-image-471\" style=\"width:929px;height:auto\" srcset=\"https:\/\/adhesion.ca\/wp-content\/uploads\/2025\/05\/blue_deco.png 929w, https:\/\/adhesion.ca\/wp-content\/uploads\/2025\/05\/blue_deco-300x235.png 300w, https:\/\/adhesion.ca\/wp-content\/uploads\/2025\/05\/blue_deco-768x601.png 768w\" sizes=\"auto, (max-width: 929px) 100vw, 929px\" \/><\/figure>\n\n\n\n<div class=\"wp-block-columns are-vertically-aligned-center is-layout-flex wp-container-core-columns-is-layout-28f84493 wp-block-columns-is-layout-flex\">\n<div class=\"wp-block-column is-vertically-aligned-center left is-layout-flow wp-block-column-is-layout-flow\">\n<h1 class=\"wp-block-heading\">Contact us<\/h1>\n<\/div>\n\n\n\n<div class=\"wp-block-column is-vertically-aligned-center right is-layout-flow wp-block-column-is-layout-flow\">\n<figure class=\"wp-block-image size-full\"><img loading=\"lazy\" decoding=\"async\" width=\"655\" height=\"655\" src=\"https:\/\/adhesion.ca\/wp-content\/uploads\/2025\/05\/rond_blue.png\" alt=\"\" class=\"wp-image-237\" srcset=\"https:\/\/adhesion.ca\/wp-content\/uploads\/2025\/05\/rond_blue.png 655w, https:\/\/adhesion.ca\/wp-content\/uploads\/2025\/05\/rond_blue-300x300.png 300w, https:\/\/adhesion.ca\/wp-content\/uploads\/2025\/05\/rond_blue-150x150.png 150w\" sizes=\"auto, (max-width: 655px) 100vw, 655px\" \/><\/figure>\n\n\n\n<figure class=\"wp-block-image size-full girl_adhesion\"><img loading=\"lazy\" decoding=\"async\" width=\"650\" height=\"612\" src=\"https:\/\/adhesion.ca\/wp-content\/uploads\/2025\/11\/Homme_05.png\" alt=\"\" class=\"wp-image-1488\" srcset=\"https:\/\/adhesion.ca\/wp-content\/uploads\/2025\/11\/Homme_05.png 650w, https:\/\/adhesion.ca\/wp-content\/uploads\/2025\/11\/Homme_05-300x282.png 300w\" sizes=\"auto, (max-width: 650px) 100vw, 650px\" \/><\/figure>\n<\/div>\n<\/div>\n<\/section>\n\n\n\n<section class=\"wp-block-group alignfull info_contact innerContent_v3 is-layout-constrained wp-block-group-is-layout-constrained\" id=\"next\">\n<h2 class=\"wp-block-heading max_width_x2\"><strong>Faites rayonner votre culture d\u00e8s maintenant!<\/strong><\/h2>\n\n\n\n<div class=\"wp-block-columns alignfull jus_betw is-layout-flex wp-container-core-columns-is-layout-03d4a70f wp-block-columns-is-layout-flex\">\n<div class=\"wp-block-column is-layout-flow wp-block-column-is-layout-flow\" style=\"flex-basis:40%\">\n<p class=\"max_width_x4\">Nous contacter, c\u2019est faire le premier pas vers plus d\u2019Adh\u00e9sion.<\/p>\n\n\n\n<hr class=\"wp-block-separator has-alpha-channel-opacity full_width\"\/>\n\n\n\n<h2 class=\"wp-block-heading\"><a href=\"tel:8195037956\">819-503-7956<\/a><\/h2>\n\n\n\n<div class=\"wp-block-group row_hehe is-content-justification-space-between is-nowrap is-layout-flex wp-container-core-group-is-layout-cb46ffcb wp-block-group-is-layout-flex\">\n<p>6 rue Sainte-Marie<br>Gatineau, QC J0X2W0<\/p>\n\n\n\n<hr class=\"wp-block-separator has-alpha-channel-opacity\"\/>\n\n\n\n<p>adhesion.ca<br>info@adhesion.ca<\/p>\n<\/div>\n<\/div>\n\n\n\n<div class=\"wp-block-column is-layout-flow wp-block-column-is-layout-flow\" style=\"flex-basis:48%\">\n<div class=\"wp-block-contact-form-7-contact-form-selector general\">\n<div class=\"wpcf7 no-js\" id=\"wpcf7-f1746-o1\" lang=\"fr-FR\" dir=\"ltr\" data-wpcf7-id=\"1746\">\n<div class=\"screen-reader-response\"><p role=\"status\" aria-live=\"polite\" aria-atomic=\"true\"><\/p> <ul><\/ul><\/div>\n<form action=\"\/en\/wp-json\/wp\/v2\/pages\/1071#wpcf7-f1746-o1\" method=\"post\" class=\"wpcf7-form init\" aria-label=\"Formulaire de contact\" novalidate=\"novalidate\" data-status=\"init\">\n<fieldset class=\"hidden-fields-container\"><input type=\"hidden\" name=\"_wpcf7\" value=\"1746\" \/><input type=\"hidden\" name=\"_wpcf7_version\" value=\"6.1.5\" \/><input type=\"hidden\" name=\"_wpcf7_locale\" value=\"fr_FR\" \/><input type=\"hidden\" name=\"_wpcf7_unit_tag\" value=\"wpcf7-f1746-o1\" \/><input type=\"hidden\" name=\"_wpcf7_container_post\" value=\"0\" \/><input type=\"hidden\" name=\"_wpcf7_posted_data_hash\" value=\"\" \/><input type=\"hidden\" name=\"_wpcf7_recaptcha_response\" value=\"\" \/>\n<\/fieldset>\n<span class=\"wpcf7-form-control-wrap\" data-name=\"your-prename\"><input size=\"40\" maxlength=\"400\" class=\"wpcf7-form-control wpcf7-text wpcf7-validates-as-required\" aria-required=\"true\" aria-invalid=\"false\" placeholder=\"First name\" value=\"\" type=\"text\" name=\"your-prename\" \/><\/span>\n<span class=\"wpcf7-form-control-wrap\" data-name=\"your-name\"><input size=\"40\" maxlength=\"400\" class=\"wpcf7-form-control wpcf7-text wpcf7-validates-as-required\" aria-required=\"true\" aria-invalid=\"false\" placeholder=\"Last name\" value=\"\" type=\"text\" name=\"your-name\" \/><\/span>\n<span class=\"wpcf7-form-control-wrap\" data-name=\"tel\"><input size=\"40\" maxlength=\"400\" class=\"wpcf7-form-control wpcf7-tel wpcf7-validates-as-required wpcf7-text wpcf7-validates-as-tel tel\" aria-required=\"true\" aria-invalid=\"false\" placeholder=\"Phone number\" value=\"\" type=\"tel\" name=\"tel\" \/><\/span>\n<span class=\"wpcf7-form-control-wrap\" data-name=\"your-email\"><input size=\"40\" maxlength=\"400\" class=\"wpcf7-form-control wpcf7-email wpcf7-validates-as-required wpcf7-text wpcf7-validates-as-email\" aria-required=\"true\" aria-invalid=\"false\" placeholder=\"Email\" value=\"\" type=\"email\" name=\"your-email\" \/><\/span>\n<span class=\"wpcf7-form-control-wrap\" data-name=\"your-nom-ent\"><input size=\"40\" maxlength=\"400\" class=\"wpcf7-form-control wpcf7-text wpcf7-validates-as-required\" aria-required=\"true\" aria-invalid=\"false\" placeholder=\"Company name\" value=\"\" type=\"text\" name=\"your-nom-ent\" \/><\/span>\n\n<span class=\"wpcf7-form-control-wrap\" data-name=\"message\"><textarea cols=\"40\" rows=\"10\" maxlength=\"2000\" class=\"wpcf7-form-control wpcf7-textarea message\" aria-invalid=\"false\" placeholder=\"Message\" name=\"message\"><\/textarea><\/span>\n<input class=\"wpcf7-form-control wpcf7-submit has-spinner\" type=\"submit\" value=\"Submit\" \/><div class=\"wpcf7-response-output\" aria-hidden=\"true\"><\/div>\n<\/form>\n<\/div>\n<\/div>\n<\/div>\n<\/div>\n<\/section>\n\n\n\n<section class=\"wp-block-group alignfull map_principal_container is-layout-constrained wp-block-group-is-layout-constrained\"><div class=\"maps_container align wp-block-acf-maps\">\n    <div class=\"acf-map\" data-zoom=\"16\">\n        \n        <div class=\"marker\" data-lat=\"45.4419022\" data-lng=\"-75.7334335\"><\/div>\n            <\/div>\n<\/div><\/section>\n","protected":false},"excerpt":{"rendered":"<p>Contact us Faites rayonner votre culture d\u00e8s maintenant! Nous contacter, c\u2019est faire le premier pas vers plus d\u2019Adh\u00e9sion. 819-503-7956 6 rue Sainte-MarieGatineau, QC J0X2W0 adhesion.cainfo@adhesion.ca<\/p>\n","protected":false},"author":2,"featured_media":0,"parent":0,"menu_order":0,"comment_status":"closed","ping_status":"closed","template":"","meta":{"_acf_changed":false,"inline_featured_image":false,"footnotes":""},"class_list":["post-1071","page","type-page","status-publish","hentry"],"acf":[],"yoast_head":"<!-- This site is optimized with the Yoast SEO plugin v27.0 - https:\/\/yoast.com\/product\/yoast-seo-wordpress\/ -->\n<title>Contact us | Adh\u00e9sion Marque Employeur | Marketing RH<\/title>\n<meta name=\"description\" content=\"Chez Adh\u00e9sion, on part de ce qui vous rend unique pour structurer une d\u00e9marche concr\u00e8te, engageante et surtout, durable.\" \/>\n<meta name=\"robots\" content=\"index, follow, max-snippet:-1, max-image-preview:large, max-video-preview:-1\" \/>\n<link rel=\"canonical\" href=\"https:\/\/adhesion.ca\/en\/contact-us\/\" \/>\n<meta property=\"og:locale\" content=\"en_US\" \/>\n<meta property=\"og:type\" content=\"article\" \/>\n<meta property=\"og:title\" content=\"Contact us | Adh\u00e9sion Marque Employeur | Marketing RH\" \/>\n<meta property=\"og:description\" content=\"Chez Adh\u00e9sion, on part de ce qui vous rend unique pour structurer une d\u00e9marche concr\u00e8te, engageante et surtout, durable.\" \/>\n<meta property=\"og:url\" content=\"https:\/\/adhesion.ca\/en\/contact-us\/\" \/>\n<meta property=\"og:site_name\" content=\"Adh\u00e9sion\" \/>\n<meta property=\"article:modified_time\" content=\"2026-01-16T14:45:17+00:00\" \/>\n<meta property=\"og:image\" content=\"https:\/\/adhesion.ca\/wp-content\/uploads\/2025\/05\/blue_deco.png\" \/>\n\t<meta property=\"og:image:width\" content=\"929\" \/>\n\t<meta property=\"og:image:height\" content=\"727\" \/>\n\t<meta property=\"og:image:type\" content=\"image\/png\" \/>\n<meta name=\"twitter:card\" content=\"summary_large_image\" \/>\n<meta name=\"twitter:label1\" content=\"Est. reading time\" \/>\n\t<meta name=\"twitter:data1\" content=\"1 minute\" \/>\n<script type=\"application\/ld+json\" class=\"yoast-schema-graph\">{\"@context\":\"https:\/\/schema.org\",\"@graph\":[{\"@type\":\"WebPage\",\"@id\":\"https:\/\/adhesion.ca\/en\/contact-us\/\",\"url\":\"https:\/\/adhesion.ca\/en\/contact-us\/\",\"name\":\"Contact us | Adh\u00e9sion Marque Employeur | Marketing RH\",\"isPartOf\":{\"@id\":\"https:\/\/adhesion.ca\/#website\"},\"primaryImageOfPage\":{\"@id\":\"https:\/\/adhesion.ca\/en\/contact-us\/#primaryimage\"},\"image\":{\"@id\":\"https:\/\/adhesion.ca\/en\/contact-us\/#primaryimage\"},\"thumbnailUrl\":\"https:\/\/adhesion.ca\/wp-content\/uploads\/2025\/05\/blue_deco.png\",\"datePublished\":\"2025-05-08T22:08:33+00:00\",\"dateModified\":\"2026-01-16T14:45:17+00:00\",\"description\":\"Chez Adh\u00e9sion, on part de ce qui vous rend unique pour structurer une d\u00e9marche concr\u00e8te, engageante et surtout, durable.\",\"breadcrumb\":{\"@id\":\"https:\/\/adhesion.ca\/en\/contact-us\/#breadcrumb\"},\"inLanguage\":\"en-US\",\"potentialAction\":[{\"@type\":\"ReadAction\",\"target\":[\"https:\/\/adhesion.ca\/en\/contact-us\/\"]}]},{\"@type\":\"ImageObject\",\"inLanguage\":\"en-US\",\"@id\":\"https:\/\/adhesion.ca\/en\/contact-us\/#primaryimage\",\"url\":\"https:\/\/adhesion.ca\/wp-content\/uploads\/2025\/05\/blue_deco.png\",\"contentUrl\":\"https:\/\/adhesion.ca\/wp-content\/uploads\/2025\/05\/blue_deco.png\"},{\"@type\":\"BreadcrumbList\",\"@id\":\"https:\/\/adhesion.ca\/en\/contact-us\/#breadcrumb\",\"itemListElement\":[{\"@type\":\"ListItem\",\"position\":1,\"name\":\"Home\",\"item\":\"https:\/\/adhesion.ca\/en\/\"},{\"@type\":\"ListItem\",\"position\":2,\"name\":\"Contact us\"}]},{\"@type\":\"WebSite\",\"@id\":\"https:\/\/adhesion.ca\/#website\",\"url\":\"https:\/\/adhesion.ca\/\",\"name\":\"Adh\u00e9sion | Marque Employeur | Marketing RH\",\"description\":\"\u00catre employeur de choix commence ici.\",\"publisher\":{\"@id\":\"https:\/\/adhesion.ca\/#organization\"},\"potentialAction\":[{\"@type\":\"SearchAction\",\"target\":{\"@type\":\"EntryPoint\",\"urlTemplate\":\"https:\/\/adhesion.ca\/?s={search_term_string}\"},\"query-input\":{\"@type\":\"PropertyValueSpecification\",\"valueRequired\":true,\"valueName\":\"search_term_string\"}}],\"inLanguage\":\"en-US\"},{\"@type\":\"Organization\",\"@id\":\"https:\/\/adhesion.ca\/#organization\",\"name\":\"Adh\u00e9sion | Marque Employeur | Marketing RH\",\"url\":\"https:\/\/adhesion.ca\/\",\"logo\":{\"@type\":\"ImageObject\",\"inLanguage\":\"en-US\",\"@id\":\"https:\/\/adhesion.ca\/#\/schema\/logo\/image\/\",\"url\":\"https:\/\/adhesion.ca\/wp-content\/uploads\/2025\/10\/logo-1.svg\",\"contentUrl\":\"https:\/\/adhesion.ca\/wp-content\/uploads\/2025\/10\/logo-1.svg\",\"caption\":\"Adh\u00e9sion | Marque Employeur | Marketing RH\"},\"image\":{\"@id\":\"https:\/\/adhesion.ca\/#\/schema\/logo\/image\/\"}}]}<\/script>\n<!-- \/ Yoast SEO plugin. -->","yoast_head_json":{"title":"Contact us | Adh\u00e9sion Marque Employeur | Marketing RH","description":"Chez Adh\u00e9sion, on part de ce qui vous rend unique pour structurer une d\u00e9marche concr\u00e8te, engageante et surtout, durable.","robots":{"index":"index","follow":"follow","max-snippet":"max-snippet:-1","max-image-preview":"max-image-preview:large","max-video-preview":"max-video-preview:-1"},"canonical":"https:\/\/adhesion.ca\/en\/contact-us\/","og_locale":"en_US","og_type":"article","og_title":"Contact us | Adh\u00e9sion Marque Employeur | Marketing RH","og_description":"Chez Adh\u00e9sion, on part de ce qui vous rend unique pour structurer une d\u00e9marche concr\u00e8te, engageante et surtout, durable.","og_url":"https:\/\/adhesion.ca\/en\/contact-us\/","og_site_name":"Adh\u00e9sion","article_modified_time":"2026-01-16T14:45:17+00:00","og_image":[{"width":929,"height":727,"url":"https:\/\/adhesion.ca\/wp-content\/uploads\/2025\/05\/blue_deco.png","type":"image\/png"}],"twitter_card":"summary_large_image","twitter_misc":{"Est. reading time":"1 minute"},"schema":{"@context":"https:\/\/schema.org","@graph":[{"@type":"WebPage","@id":"https:\/\/adhesion.ca\/en\/contact-us\/","url":"https:\/\/adhesion.ca\/en\/contact-us\/","name":"Contact us | Adh\u00e9sion Marque Employeur | Marketing RH","isPartOf":{"@id":"https:\/\/adhesion.ca\/#website"},"primaryImageOfPage":{"@id":"https:\/\/adhesion.ca\/en\/contact-us\/#primaryimage"},"image":{"@id":"https:\/\/adhesion.ca\/en\/contact-us\/#primaryimage"},"thumbnailUrl":"https:\/\/adhesion.ca\/wp-content\/uploads\/2025\/05\/blue_deco.png","datePublished":"2025-05-08T22:08:33+00:00","dateModified":"2026-01-16T14:45:17+00:00","description":"Chez Adh\u00e9sion, on part de ce qui vous rend unique pour structurer une d\u00e9marche concr\u00e8te, engageante et surtout, durable.","breadcrumb":{"@id":"https:\/\/adhesion.ca\/en\/contact-us\/#breadcrumb"},"inLanguage":"en-US","potentialAction":[{"@type":"ReadAction","target":["https:\/\/adhesion.ca\/en\/contact-us\/"]}]},{"@type":"ImageObject","inLanguage":"en-US","@id":"https:\/\/adhesion.ca\/en\/contact-us\/#primaryimage","url":"https:\/\/adhesion.ca\/wp-content\/uploads\/2025\/05\/blue_deco.png","contentUrl":"https:\/\/adhesion.ca\/wp-content\/uploads\/2025\/05\/blue_deco.png"},{"@type":"BreadcrumbList","@id":"https:\/\/adhesion.ca\/en\/contact-us\/#breadcrumb","itemListElement":[{"@type":"ListItem","position":1,"name":"Home","item":"https:\/\/adhesion.ca\/en\/"},{"@type":"ListItem","position":2,"name":"Contact us"}]},{"@type":"WebSite","@id":"https:\/\/adhesion.ca\/#website","url":"https:\/\/adhesion.ca\/","name":"Adh\u00e9sion | Marque Employeur | Marketing RH","description":"\u00catre employeur de choix commence ici.","publisher":{"@id":"https:\/\/adhesion.ca\/#organization"},"potentialAction":[{"@type":"SearchAction","target":{"@type":"EntryPoint","urlTemplate":"https:\/\/adhesion.ca\/?s={search_term_string}"},"query-input":{"@type":"PropertyValueSpecification","valueRequired":true,"valueName":"search_term_string"}}],"inLanguage":"en-US"},{"@type":"Organization","@id":"https:\/\/adhesion.ca\/#organization","name":"Adh\u00e9sion | Marque Employeur | Marketing RH","url":"https:\/\/adhesion.ca\/","logo":{"@type":"ImageObject","inLanguage":"en-US","@id":"https:\/\/adhesion.ca\/#\/schema\/logo\/image\/","url":"https:\/\/adhesion.ca\/wp-content\/uploads\/2025\/10\/logo-1.svg","contentUrl":"https:\/\/adhesion.ca\/wp-content\/uploads\/2025\/10\/logo-1.svg","caption":"Adh\u00e9sion | Marque Employeur | Marketing RH"},"image":{"@id":"https:\/\/adhesion.ca\/#\/schema\/logo\/image\/"}}]}},"_links":{"self":[{"href":"https:\/\/adhesion.ca\/en\/wp-json\/wp\/v2\/pages\/1071","targetHints":{"allow":["GET"]}}],"collection":[{"href":"https:\/\/adhesion.ca\/en\/wp-json\/wp\/v2\/pages"}],"about":[{"href":"https:\/\/adhesion.ca\/en\/wp-json\/wp\/v2\/types\/page"}],"author":[{"embeddable":true,"href":"https:\/\/adhesion.ca\/en\/wp-json\/wp\/v2\/users\/2"}],"replies":[{"embeddable":true,"href":"https:\/\/adhesion.ca\/en\/wp-json\/wp\/v2\/comments?post=1071"}],"version-history":[{"count":1,"href":"https:\/\/adhesion.ca\/en\/wp-json\/wp\/v2\/pages\/1071\/revisions"}],"predecessor-version":[{"id":1749,"href":"https:\/\/adhesion.ca\/en\/wp-json\/wp\/v2\/pages\/1071\/revisions\/1749"}],"wp:attachment":[{"href":"https:\/\/adhesion.ca\/en\/wp-json\/wp\/v2\/media?parent=1071"}],"curies":[{"name":"wp","href":"https:\/\/api.w.org\/{rel}","templated":true}]}}